{"id":4395,"date":"2019-03-25T16:32:14","date_gmt":"2019-03-25T15:32:14","guid":{"rendered":"http:\/\/www.jaworski.com.pl\/regulamin\/"},"modified":"2020-10-05T07:15:51","modified_gmt":"2020-10-05T06:15:51","slug":"website-rules-and-regulations","status":"publish","type":"page","link":"https:\/\/jaworski.aionline.pl\/en\/website-rules-and-regulations\/","title":{"rendered":"Website Rules and Regulations"},"content":{"rendered":"<div class=\"regulamin\">\n<h2>Rules and Regulations<br \/>\nWebsite Rules and Regulations<\/h2>\n<p class=\"section__text_margin\">Definitions:<\/p>\n<p class=\"section__text_margin\">Website \u2013 <a href=\"www.jaworski.com.pl\">www.jaworski.com.pl<\/a><\/p>\n<p class=\"section__text_margin\">Owner \u2013 the entity being the legal owner of the Website<\/p>\n<p class=\"section__text_margin\">Administrator \u2013 the entity administering the services made available on the Website<\/p>\n<h2>\u00a71 [Owner\/Administrator]<\/h2>\n<p class=\"section__text_margin\">1. The Owner and Administrator (hereinafter referred to as the \u201cAdministrator\u201d) of the website \u201cwww.jaworski.com.pl\u201d (hereinafter referred to as the &#8220;Website&#8221;) is Suszarnia Warzyw Jaworski Sp\u00f3\u0142ka Akcyjna Sp\u00f3\u0142ka Komandytowa with its registered office in Bramki at ul. \u0141\u00f3dzka 41, 05-870 B\u0142onie (hereinafter referred to as the \u201cAdministrator\u201d).<br \/>\n2. The content, information and other services presented on this Website are intended exclusively for people staying in Poland.<br \/>\n3. The Administrator provides its services on the basis of these Rules and Regulations, and therefore entering this Website and using the content placed on it is tantamount to accepting this legal notice. If you do not agree to comply with the provisions of these Rules and Regulations, please leave the Website.<br \/>\n4. The Rules and Regulations are binding on the visitors to the Website without the need to conclude a separate agreement.<\/p>\n<h2>\u00a72 [Intellectual property rights]<\/h2>\n<p class=\"section__text_margin\">1. All intellectual property rights, including in particular, copyrights and trademark rights related to all texts, illustrations, photographs, sounds and other materials placed on the Website are the property of Suszarnia Warzyw Jaworski Sp\u00f3\u0142ka Akcyjna Sp\u00f3\u0142ka Komandytowa or are subject to permission for their use by the Administrator granted by their owner.<br \/>\n2. Without the Administrator\u2019 prior consent, you cannot:<br \/>\n&#8211; use (copies\/parts of) this Website or the markings contained in its content for commercial purposes;<br \/>\n&#8211; modify (parts of) this Website or incorporate it into the content of other derived works (such as paper documents, blogs or third party websites).<\/p>\n<h2>\u00a73 [Services]<\/h2>\n<p class=\"section__text_margin\">1. The Administrator provides the following services as part of this Website:<br \/>\n&#8211; displaying content and information about the company, its services, experience and team,<br \/>\n&#8211; enabling contact with the company through the included contact form;<br \/>\n &#8211; sending applications for recruitment procedures conducted.<br \/>\n2. Access to the Website services is free of charge.<br \/>\n3. The Administrator reserves the right to introduce fees for any services provided as part of the Website and at the same time undertakes to inform about the changes in advance and to obtain the Website visitor\u2019s explicit approval of the introduction of such fees.<\/p>\n<h2>\u00a74 [Technical conditions]<\/h2>\n<p class=\"section__text_margin\">1. The necessary technical requirements for using the Website are as follows:<br \/>\n&#8211; a computer with Internet access,<br \/>\n&#8211; a standard web browser with cookie support;<br \/>\n&#8211; having an e-mail account \u2013 for some of the services that require an e-mail address to be provided.<br \/>\n2. The Administrator reserves the right to suspend the provision of services temporarily in connection with the modernization or alteration of the Website or with maintenance work on the ICT system on the basis of which the Website operates.<br \/>\n3. The Administrator shall not be liable for interruptions in the provision of services resulting from reasons beyond its control.<\/p>\n<h2>\u00a75 [Complaints and liability]<\/h2>\n<p class=\"section__text_margin\">1. The Administrator shall make every effort to ensure the proper functioning of the Website and shall assist in resolving problems related to its operation.<br \/>\n2. Any complaints related to the functioning of the Website should be:<br \/>\n&#8211; in writing and include: name, surname, e-mail address, user&#8217;s address for correspondence and justification of the complaint;<br \/>\n&#8211; sent by registered mail to the Administrator&#8217;s address.<br \/>\n3. Complaints shall be considered by the Administrator within 30 calendar days of their receipt.<br \/>\n4. The Administrator shall not be liable, in particular under the rules provided for in Chapter 3 of the Act of July 18, 2002 on providing services electronically, for the content of information and opinions provided by visitors to the Website.<br \/>\n5. All materials and information placed on the Website shall not be covered by the Administrator&#8217;s guarantee as to their value, suitability, completeness or usefulness.<\/p>\n<h2>\u00a76 [Disclosure of information]<\/h2>\n<p class=\"section__text_margin\">As a user of this Website, you provide information, including mainly personal data and the content of the message sent, which is tantamount to agreeing to its use in relation to the specific needs of the Data Controller, which are specified at the place of collection of the indicated information and in the privacy policy  <a href=\"https:\/\/www.jaworski.com.pl\/en\/privacy-policy\/\">https:\/\/www.jaworski.com.pl\/en\/privacy-policy\/<\/a>.<\/p>\n<h2>\u00a77 [Personal data]<\/h2>\n<p class=\"section__text_margin\">1.\tThe Administrator collects the following data from Users using some of the services made available on this Website (e.g., contact form, application form):<br \/>\no\tPersonal data (e.g. name and surname);<br \/>\no\tContact details (e.g. phone number, e-mail address);<br \/>\no\tApplication data (e.g. education, experience, address, expected remuneration);<br \/>\no\tData resulting from the content sent.<br \/>\n2.\tIf you use the services provided on the Website, you are always asked to read the purpose of data collection and the privacy policy posted under the link <a href=\"https:\/\/www.jaworski.com.pl\/en\/privacy-policy\/\">https:\/\/www.jaworski.com.pl\/en\/privacy-policy\/<\/a> Each time you use these services, you are asked to declare that you have read the privacy policy by ticking the appropriate box (checkbox), which is tantamount to accepting the provisions of the privacy policy regarding the Data Controller&#8217;s information obligation in relation to the person whose data it processes. Failure to make an explicit declaration will prevent you from using the indicated Website services.<\/p>\n<h2>\u00a78 [Final provisions]<\/h2>\n<p class=\"section__text_margin\">1. In matters not regulated by these Rules and Regulations, the provisions of Polish law shall apply, in particular the provisions of the Act of July 18, 2002 on providing services electronically and the Act of April 23, 1964 \u2013 the Civil Code.<br \/>\n2. Any disputes resulting from the provision of Services shall be settled by a court having jurisdiction over the registered seat of the user.<br \/>\n3. The Administrator reserves the right to unilaterally change these Rules and Regulations after informing the visitors to the Website about such a change.<br \/>\n4. These Rules and Regulations are available on the Website and in paper version at the Administrator&#8217;s registered office.<br \/>\n5. This legal notice and the use of this Website by visitors shall be subject to Polish law.<\/p>\n<h2>\u00a79 [Contact]<\/h2>\n<p class=\"section__text_margin\">If you have questions or complaints about this Website, please send your correspondence:<br \/>\nin electronic form to the following e-mail address: &#x62;&#x69;&#117;ro&#x40;&#x6a;&#97;&#119;o&#x72;&#x73;&#107;&#105;&#46;&#x63;&#x6f;&#x6d;&#46;pl<br \/>\nin traditional form to the Company&#8217;s address: Suszarnia Warzyw Jaworski, ul. \u0141\u00f3dzka 41 Bramki, 05-870 B\u0142onie<br \/>\nLast updated on March 20, 2019.<\/p>\n<\/div>\n","protected":false},"excerpt":{"rendered":"<p>Rules and Regulations Website Rules and Regulations Definitions: Website \u2013 www.jaworski.com.pl Owner \u2013 the entity being the legal owner of [&hellip;]<\/p>\n","protected":false},"author":5,"featured_media":0,"parent":0,"menu_order":0,"comment_status":"closed","ping_status":"closed","template":"","meta":{"_acf_changed":false,"inline_featured_image":false,"footnotes":""},"class_list":["post-4395","page","type-page","status-publish","hentry"],"acf":[],"yoast_head":"<!-- This site is optimized with the Yoast SEO plugin v24.6 - https:\/\/yoast.com\/wordpress\/plugins\/seo\/ -->\n<title>Website Rules and Regulations &#187; Suszarnia Warzyw Jaworski<\/title>\n<meta name=\"description\" content=\"\u25b6 Website Rules and Regulations &#187; Rodzinna firma ponad trzydziestoletni\u0105 tradycj\u0105 \u2705 Produkcja suszonych owoc\u00f3w i warzyw na \u015awiatowym poziomie \u2705 Suszarnia Jaworski\" \/>\n<meta name=\"robots\" content=\"noindex, follow, max-snippet:-1, max-image-preview:large, max-video-preview:-1\" \/>\n<meta property=\"og:locale\" content=\"en_US\" \/>\n<meta property=\"og:type\" content=\"article\" \/>\n<meta property=\"og:title\" content=\"Website Rules and Regulations &#187; Suszarnia Warzyw Jaworski\" \/>\n<meta property=\"og:description\" content=\"\u25b6 Website Rules and Regulations &#187; Rodzinna firma ponad trzydziestoletni\u0105 tradycj\u0105 \u2705 Produkcja suszonych owoc\u00f3w i warzyw na \u015awiatowym poziomie \u2705 Suszarnia Jaworski\" \/>\n<meta property=\"og:url\" content=\"https:\/\/www.jaworski.com.pl\/en\/website-rules-and-regulations\/\" \/>\n<meta property=\"og:site_name\" content=\"Suszarnia Warzyw Jaworski\" \/>\n<meta property=\"article:modified_time\" content=\"2020-10-05T06:15:51+00:00\" \/>\n<meta name=\"twitter:card\" content=\"summary_large_image\" \/>\n<meta name=\"twitter:label1\" content=\"Est. reading time\" \/>\n\t<meta name=\"twitter:data1\" content=\"5 minutes\" \/>\n<script type=\"application\/ld+json\" class=\"yoast-schema-graph\">{\"@context\":\"https:\/\/schema.org\",\"@graph\":[{\"@type\":\"WebPage\",\"@id\":\"https:\/\/www.jaworski.com.pl\/en\/website-rules-and-regulations\/\",\"url\":\"https:\/\/www.jaworski.com.pl\/en\/website-rules-and-regulations\/\",\"name\":\"Website Rules and Regulations &#187; Suszarnia Warzyw Jaworski\",\"isPartOf\":{\"@id\":\"https:\/\/www.jaworski.com.pl\/#website\"},\"datePublished\":\"2019-03-25T15:32:14+00:00\",\"dateModified\":\"2020-10-05T06:15:51+00:00\",\"description\":\"\u25b6 Website Rules and Regulations &#187; Rodzinna firma ponad trzydziestoletni\u0105 tradycj\u0105 \u2705 Produkcja suszonych owoc\u00f3w i warzyw na \u015awiatowym poziomie \u2705 Suszarnia Jaworski\",\"breadcrumb\":{\"@id\":\"https:\/\/www.jaworski.com.pl\/en\/website-rules-and-regulations\/#breadcrumb\"},\"inLanguage\":\"en-US\",\"potentialAction\":[{\"@type\":\"ReadAction\",\"target\":[\"https:\/\/www.jaworski.com.pl\/en\/website-rules-and-regulations\/\"]}]},{\"@type\":\"BreadcrumbList\",\"@id\":\"https:\/\/www.jaworski.com.pl\/en\/website-rules-and-regulations\/#breadcrumb\",\"itemListElement\":[{\"@type\":\"ListItem\",\"position\":1,\"name\":\"Strona g\u0142\u00f3wna\",\"item\":\"https:\/\/www.jaworski.com.pl\/en\/\"},{\"@type\":\"ListItem\",\"position\":2,\"name\":\"Website Rules and Regulations\"}]},{\"@type\":\"WebSite\",\"@id\":\"https:\/\/www.jaworski.com.pl\/#website\",\"url\":\"https:\/\/www.jaworski.com.pl\/\",\"name\":\"Suszarnia Warzyw Jaworski\",\"description\":\"30 lat do\u015bwiadczenia\",\"potentialAction\":[{\"@type\":\"SearchAction\",\"target\":{\"@type\":\"EntryPoint\",\"urlTemplate\":\"https:\/\/www.jaworski.com.pl\/?s={search_term_string}\"},\"query-input\":{\"@type\":\"PropertyValueSpecification\",\"valueRequired\":true,\"valueName\":\"search_term_string\"}}],\"inLanguage\":\"en-US\"}]}<\/script>\n<!-- \/ Yoast SEO plugin. -->","yoast_head_json":{"title":"Website Rules and Regulations &#187; Suszarnia Warzyw Jaworski","description":"\u25b6 Website Rules and Regulations &#187; Rodzinna firma ponad trzydziestoletni\u0105 tradycj\u0105 \u2705 Produkcja suszonych owoc\u00f3w i warzyw na \u015awiatowym poziomie \u2705 Suszarnia Jaworski","robots":{"index":"noindex","follow":"follow","max-snippet":"max-snippet:-1","max-image-preview":"max-image-preview:large","max-video-preview":"max-video-preview:-1"},"og_locale":"en_US","og_type":"article","og_title":"Website Rules and Regulations &#187; Suszarnia Warzyw Jaworski","og_description":"\u25b6 Website Rules and Regulations &#187; Rodzinna firma ponad trzydziestoletni\u0105 tradycj\u0105 \u2705 Produkcja suszonych owoc\u00f3w i warzyw na \u015awiatowym poziomie \u2705 Suszarnia Jaworski","og_url":"https:\/\/www.jaworski.com.pl\/en\/website-rules-and-regulations\/","og_site_name":"Suszarnia Warzyw Jaworski","article_modified_time":"2020-10-05T06:15:51+00:00","twitter_card":"summary_large_image","twitter_misc":{"Est. reading time":"5 minutes"},"schema":{"@context":"https:\/\/schema.org","@graph":[{"@type":"WebPage","@id":"https:\/\/www.jaworski.com.pl\/en\/website-rules-and-regulations\/","url":"https:\/\/www.jaworski.com.pl\/en\/website-rules-and-regulations\/","name":"Website Rules and Regulations &#187; Suszarnia Warzyw Jaworski","isPartOf":{"@id":"https:\/\/www.jaworski.com.pl\/#website"},"datePublished":"2019-03-25T15:32:14+00:00","dateModified":"2020-10-05T06:15:51+00:00","description":"\u25b6 Website Rules and Regulations &#187; Rodzinna firma ponad trzydziestoletni\u0105 tradycj\u0105 \u2705 Produkcja suszonych owoc\u00f3w i warzyw na \u015awiatowym poziomie \u2705 Suszarnia Jaworski","breadcrumb":{"@id":"https:\/\/www.jaworski.com.pl\/en\/website-rules-and-regulations\/#breadcrumb"},"inLanguage":"en-US","potentialAction":[{"@type":"ReadAction","target":["https:\/\/www.jaworski.com.pl\/en\/website-rules-and-regulations\/"]}]},{"@type":"BreadcrumbList","@id":"https:\/\/www.jaworski.com.pl\/en\/website-rules-and-regulations\/#breadcrumb","itemListElement":[{"@type":"ListItem","position":1,"name":"Strona g\u0142\u00f3wna","item":"https:\/\/www.jaworski.com.pl\/en\/"},{"@type":"ListItem","position":2,"name":"Website Rules and Regulations"}]},{"@type":"WebSite","@id":"https:\/\/www.jaworski.com.pl\/#website","url":"https:\/\/www.jaworski.com.pl\/","name":"Suszarnia Warzyw Jaworski","description":"30 lat do\u015bwiadczenia","potentialAction":[{"@type":"SearchAction","target":{"@type":"EntryPoint","urlTemplate":"https:\/\/www.jaworski.com.pl\/?s={search_term_string}"},"query-input":{"@type":"PropertyValueSpecification","valueRequired":true,"valueName":"search_term_string"}}],"inLanguage":"en-US"}]}},"_links":{"self":[{"href":"https:\/\/jaworski.aionline.pl\/en\/wp-json\/wp\/v2\/pages\/4395","targetHints":{"allow":["GET"]}}],"collection":[{"href":"https:\/\/jaworski.aionline.pl\/en\/wp-json\/wp\/v2\/pages"}],"about":[{"href":"https:\/\/jaworski.aionline.pl\/en\/wp-json\/wp\/v2\/types\/page"}],"author":[{"embeddable":true,"href":"https:\/\/jaworski.aionline.pl\/en\/wp-json\/wp\/v2\/users\/5"}],"replies":[{"embeddable":true,"href":"https:\/\/jaworski.aionline.pl\/en\/wp-json\/wp\/v2\/comments?post=4395"}],"version-history":[{"count":3,"href":"https:\/\/jaworski.aionline.pl\/en\/wp-json\/wp\/v2\/pages\/4395\/revisions"}],"predecessor-version":[{"id":4398,"href":"https:\/\/jaworski.aionline.pl\/en\/wp-json\/wp\/v2\/pages\/4395\/revisions\/4398"}],"wp:attachment":[{"href":"https:\/\/jaworski.aionline.pl\/en\/wp-json\/wp\/v2\/media?parent=4395"}],"curies":[{"name":"wp","href":"https:\/\/api.w.org\/{rel}","templated":true}]}}